{"id":53,"date":"2020-09-20T16:05:53","date_gmt":"2020-09-20T16:05:53","guid":{"rendered":"https:\/\/second-vinyl.de\/?page_id=53"},"modified":"2025-06-27T15:56:56","modified_gmt":"2025-06-27T15:56:56","slug":"unser-geschaeft-in-kamen-methler","status":"publish","type":"page","link":"https:\/\/second-vinyl.de\/?page_id=53","title":{"rendered":"Unser Gesch\u00e4ft \/ Platten Reinigung"},"content":{"rendered":"\r\n<p class=\"wp-block-paragraph\"><strong>Bei und bekommst du :<\/strong><\/p>\r\n<p>12&#8243; LP&#8217;s Neuware<\/p>\r\n\r\n\r\n\r\n<p class=\"wp-block-paragraph\">12&#8243; LP&#8217;s und diverse Sampler<\/p>\r\n\r\n\r\n\r\n<p class=\"wp-block-paragraph\">12&#8243; MAXI Singles, \u00fcberwiegend aus den 80s<\/p>\r\n\r\n\r\n\r\n\r\n\r\n<p class=\"wp-block-paragraph\">Auch eine kleine Auswahl an CD&#8217;s haben wir vorr\u00e4tig.<\/p>\r\n\r\n\r\n\r\n<p class=\"wp-block-paragraph\">Zubeh\u00f6r wie Reinigungs Equipment<\/p>\r\n\r\n\r\n\r\n<p class=\"wp-block-paragraph\">Schutzh\u00fcllen und Innenh\u00fcllen 7&#8243; und 12&#8243;<\/p>\r\n<h4><span style=\"font-size: 18px;\"><strong>NEU bei uns!<\/strong><\/span><\/h4>\r\n<p>Ab sofort kannst du auch deine Platten professionell waschen lassen.<\/p>\r\n<p>Durch unsere professionelle Reinigung sorgen wir daf\u00fcr, dass alle Fremdk\u00f6rper und Verschmutzungen von deiner LP oder Single entfernt werden. Wir verwenden eine NESSIE Vinyl Cleaner Pro+ Masteredition Plattenwaschmaschiene.<br \/>Mit der Reinigung werden deine LP&#8217;s und Singles sauber gereinigt und kommen in eine neue saubere antistatische Innenh\u00fclle.<\/p>\r\n<p data-wp-editing=\"1\"><img loading=\"lazy\" decoding=\"async\" class=\"\" src=\"https:\/\/second-vinyl.de\/wp-content\/uploads\/2025\/03\/nessie.jpg\" width=\"277\" height=\"277\" \/><\/p>\r\n<p data-wp-editing=\"1\">Pro LP berechnen wir daf\u00fcr 2,50 \u20ac, pro Single 1,50 \u20ac<\/p>\r\n<p data-wp-editing=\"1\">\u00a0<\/p>\r\n<p data-wp-editing=\"1\">\u00a0<\/p>\r\n<p data-wp-editing=\"1\">\u00a0<\/p>\r\n<p class=\"hide-if-no-js\"><a id=\"set-post-thumbnail\" class=\"thickbox\" href=\"https:\/\/second-vinyl.de\/wp-admin\/media-upload.php?post_id=53&amp;type=image&amp;TB_iframe=1\" aria-describedby=\"set-post-thumbnail-desc\"><img loading=\"lazy\" decoding=\"async\" class=\"attachment-266x266 size-266x266\" src=\"https:\/\/second-vinyl.de\/wp-content\/uploads\/2024\/03\/001b-scaled.jpg\" sizes=\"auto, 100vw\" srcset=\"https:\/\/second-vinyl.de\/wp-content\/uploads\/2024\/03\/001b-scaled.jpg 2560w, https:\/\/second-vinyl.de\/wp-content\/uploads\/2024\/03\/001b-300x200.jpg 300w, https:\/\/second-vinyl.de\/wp-content\/uploads\/2024\/03\/001b-1024x683.jpg 1024w, https:\/\/second-vinyl.de\/wp-content\/uploads\/2024\/03\/001b-768x512.jpg 768w, https:\/\/second-vinyl.de\/wp-content\/uploads\/2024\/03\/001b-1536x1024.jpg 1536w, https:\/\/second-vinyl.de\/wp-content\/uploads\/2024\/03\/001b-2048x1365.jpg 2048w\" alt=\"\" width=\"266\" height=\"177\" \/><\/a><\/p>\r\n\r\n\r\n","protected":false},"excerpt":{"rendered":"<p>Bei und bekommst du : 12&#8243; LP&#8217;s Neuware 12&#8243; LP&#8217;s und diverse Sampler 12&#8243; MAXI Singles, \u00fcberwiegend aus den 80s Auch eine kleine Auswahl an CD&#8217;s haben wir vorr\u00e4tig. Zubeh\u00f6r wie Reinigungs Equipment Schutzh\u00fcllen und Innenh\u00fcllen 7&#8243; und 12&#8243; NEU bei uns! Ab sofort kannst du auch deine Platten professionell waschen lassen. Durch unsere professionelle &hellip; <\/p>\n<p class=\"link-more\"><a href=\"https:\/\/second-vinyl.de\/?page_id=53\" class=\"more-link\"><span class=\"screen-reader-text\">\u201eUnser Gesch\u00e4ft \/ Platten Reinigung\u201c <\/span>weiterlesen<\/a><\/p>\n","protected":false},"author":1,"featured_media":0,"parent":0,"menu_order":0,"comment_status":"closed","ping_status":"closed","template":"","meta":{"_crdt_document":"","footnotes":""},"class_list":["post-53","page","type-page","status-publish","hentry"],"jetpack_sharing_enabled":true,"_links":{"self":[{"href":"https:\/\/second-vinyl.de\/index.php?rest_route=\/wp\/v2\/pages\/53","targetHints":{"allow":["GET"]}}],"collection":[{"href":"https:\/\/second-vinyl.de\/index.php?rest_route=\/wp\/v2\/pages"}],"about":[{"href":"https:\/\/second-vinyl.de\/index.php?rest_route=\/wp\/v2\/types\/page"}],"author":[{"embeddable":true,"href":"https:\/\/second-vinyl.de\/index.php?rest_route=\/wp\/v2\/users\/1"}],"replies":[{"embeddable":true,"href":"https:\/\/second-vinyl.de\/index.php?rest_route=%2Fwp%2Fv2%2Fcomments&post=53"}],"version-history":[{"count":11,"href":"https:\/\/second-vinyl.de\/index.php?rest_route=\/wp\/v2\/pages\/53\/revisions"}],"predecessor-version":[{"id":521,"href":"https:\/\/second-vinyl.de\/index.php?rest_route=\/wp\/v2\/pages\/53\/revisions\/521"}],"wp:attachment":[{"href":"https:\/\/second-vinyl.de\/index.php?rest_route=%2Fwp%2Fv2%2Fmedia&parent=53"}],"curies":[{"name":"wp","href":"https:\/\/api.w.org\/{rel}","templated":true}]}}