{"id":156,"date":"2021-03-28T19:44:25","date_gmt":"2021-03-28T19:44:25","guid":{"rendered":"https:\/\/second-vinyl.de\/?page_id=156"},"modified":"2024-11-18T17:26:11","modified_gmt":"2024-11-18T17:26:11","slug":"newsletter","status":"publish","type":"page","link":"https:\/\/second-vinyl.de\/?page_id=156","title":{"rendered":"Newsletter"},"content":{"rendered":"<p><span style=\"font-family: comic sans ms, sans-serif;\">Hier kannst du dich zu unserem Newsletter anmelden.<\/span><\/p>\n<p><span style=\"font-family: comic sans ms, sans-serif;\">Wir verschicken in regelm\u00e4\u00dfigen Abst\u00e4nden unsere Newsletter. Hier informieren wir dich \u00fcber aktuelle Neuheiten, \u00d6ffnungszeiten und spezielle Events.<\/span><\/p>\n<p><span style=\"font-family: comic sans ms, sans-serif;\">Zum Recordstoreday gibt es alle Info&#8217;s \u00fcber unseren Newsletter.<\/span><\/p>\n<p><span style=\"font-family: comic sans ms, sans-serif;\">Deine Daten werden NICHT an andere weitergegeben, sondern ausschlie\u00dflich f\u00fcr unseren Newsletter verwendet. Du kannst dich jederzeit selbstst\u00e4ndig wieder abmelden. Deine Daten werden dann automatisch gel\u00f6scht.<\/span><\/p>\n<p>&nbsp;<\/p>\n<div class=\"tnp tnp-subscription \">\n<form method=\"post\" action=\"https:\/\/second-vinyl.de\/wp-admin\/admin-ajax.php?action=tnp&amp;na=s\">\n<input type=\"hidden\" name=\"nlang\" value=\"\">\n<div class=\"tnp-field tnp-field-firstname\"><label for=\"tnp-1\">Vorname<\/label>\n<input class=\"tnp-name\" type=\"text\" name=\"nn\" id=\"tnp-1\" value=\"\" placeholder=\"\" required><\/div>\n<div class=\"tnp-field tnp-field-surname\"><label for=\"tnp-2\">Nachname<\/label>\n<input class=\"tnp-surname\" type=\"text\" name=\"ns\" id=\"tnp-2\" value=\"\" placeholder=\"\" required><\/div><div class=\"tnp-field tnp-field-email\"><label for=\"tnp-3\">Email<\/label>\n<input class=\"tnp-email\" type=\"email\" name=\"ne\" id=\"tnp-3\" value=\"\" placeholder=\"\" required><\/div>\n<div class=\"tnp-field tnp-privacy-field\"><label><input type=\"checkbox\" name=\"ny\" required class=\"tnp-privacy\"> Indem Du fortf\u00e4hrst, akzeptierst Du unsere Datenschutzerkl\u00e4rung.<\/label><\/div><div class=\"tnp-field tnp-field-button\" style=\"text-align: left\"><input class=\"tnp-submit\" type=\"submit\" value=\"Abonnieren\" style=\"\">\n<\/div>\n<\/form>\n<\/div>\n\n","protected":false},"excerpt":{"rendered":"<p>Hier kannst du dich zu unserem Newsletter anmelden. Wir verschicken in regelm\u00e4\u00dfigen Abst\u00e4nden unsere Newsletter. Hier informieren wir dich \u00fcber aktuelle Neuheiten, \u00d6ffnungszeiten und spezielle Events. Zum Recordstoreday gibt es alle Info&#8217;s \u00fcber unseren Newsletter. Deine Daten werden NICHT an andere weitergegeben, sondern ausschlie\u00dflich f\u00fcr unseren Newsletter verwendet. Du kannst dich jederzeit selbstst\u00e4ndig wieder abmelden. &hellip; <\/p>\n<p class=\"link-more\"><a href=\"https:\/\/second-vinyl.de\/?page_id=156\" class=\"more-link\"><span class=\"screen-reader-text\">\u201eNewsletter\u201c <\/span>weiterlesen<\/a><\/p>\n","protected":false},"author":1,"featured_media":0,"parent":0,"menu_order":0,"comment_status":"closed","ping_status":"closed","template":"","meta":{"_crdt_document":"","footnotes":""},"class_list":["post-156","page","type-page","status-publish","hentry"],"jetpack_sharing_enabled":true,"_links":{"self":[{"href":"https:\/\/second-vinyl.de\/index.php?rest_route=\/wp\/v2\/pages\/156","targetHints":{"allow":["GET"]}}],"collection":[{"href":"https:\/\/second-vinyl.de\/index.php?rest_route=\/wp\/v2\/pages"}],"about":[{"href":"https:\/\/second-vinyl.de\/index.php?rest_route=\/wp\/v2\/types\/page"}],"author":[{"embeddable":true,"href":"https:\/\/second-vinyl.de\/index.php?rest_route=\/wp\/v2\/users\/1"}],"replies":[{"embeddable":true,"href":"https:\/\/second-vinyl.de\/index.php?rest_route=%2Fwp%2Fv2%2Fcomments&post=156"}],"version-history":[{"count":3,"href":"https:\/\/second-vinyl.de\/index.php?rest_route=\/wp\/v2\/pages\/156\/revisions"}],"predecessor-version":[{"id":492,"href":"https:\/\/second-vinyl.de\/index.php?rest_route=\/wp\/v2\/pages\/156\/revisions\/492"}],"wp:attachment":[{"href":"https:\/\/second-vinyl.de\/index.php?rest_route=%2Fwp%2Fv2%2Fmedia&parent=156"}],"curies":[{"name":"wp","href":"https:\/\/api.w.org\/{rel}","templated":true}]}}