{"id":14,"date":"2020-09-20T15:34:06","date_gmt":"2020-09-20T15:34:06","guid":{"rendered":"https:\/\/second-vinyl.de\/?page_id=14"},"modified":"2026-04-22T05:36:41","modified_gmt":"2026-04-22T05:36:41","slug":"startseite","status":"publish","type":"page","link":"https:\/\/second-vinyl.de\/","title":{"rendered":"NEWS"},"content":{"rendered":"<p>&nbsp;<\/p>\n<p><span style=\"font-size: 1rem;\">Liebe Kunden,<\/span><\/p>\n<p style=\"text-align: center;\"><span style=\"font-size: 24px; color: #800000;\"><strong>Aufgrund der Gro\u00dfbaustelle auf der Robert-Koch-Str. ist die Anfahrt zu uns momentan eingeschr\u00e4nkt.<\/strong><\/span><\/p>\n<p>Mit dem Auto ist die Zufahrt \u00fcber die Lindenallee\/ Kreuzung Lortzingstr\/Einsteinstr bis zum Laden wieder m\u00f6glich, parken direkt am Seitenstreifen.<\/p>\n<p><strong>Die Zufahrt von der anderen Seite ist nicht m\u00f6glich!<\/strong><\/p>\n<p>Bei Fragen, bitte einfach kurz anrufen.<\/p>\n<p><img loading=\"lazy\" decoding=\"async\" class=\"\" src=\"https:\/\/second-vinyl.de\/wp-content\/uploads\/2025\/11\/Baustelle2.png\" width=\"501\" height=\"418\" \/><\/p>\n<p>Vielen Dank<\/p>\n<p>Euer Second Vinyl Team<\/p>\n<hr \/>\n<p>&nbsp;<\/p>\n","protected":false},"excerpt":{"rendered":"<p>&nbsp; Liebe Kunden, Aufgrund der Gro\u00dfbaustelle auf der Robert-Koch-Str. ist die Anfahrt zu uns momentan eingeschr\u00e4nkt. Mit dem Auto ist die Zufahrt \u00fcber die Lindenallee\/ Kreuzung Lortzingstr\/Einsteinstr bis zum Laden wieder m\u00f6glich, parken direkt am Seitenstreifen. Die Zufahrt von der anderen Seite ist nicht m\u00f6glich! Bei Fragen, bitte einfach kurz anrufen. Vielen Dank Euer Second &hellip; <\/p>\n<p class=\"link-more\"><a href=\"https:\/\/second-vinyl.de\/\" class=\"more-link\"><span class=\"screen-reader-text\">\u201eNEWS\u201c <\/span>weiterlesen<\/a><\/p>\n","protected":false},"author":1,"featured_media":0,"parent":0,"menu_order":0,"comment_status":"closed","ping_status":"closed","template":"","meta":{"_crdt_document":"","footnotes":""},"class_list":["post-14","page","type-page","status-publish","hentry"],"jetpack_sharing_enabled":true,"_links":{"self":[{"href":"https:\/\/second-vinyl.de\/index.php?rest_route=\/wp\/v2\/pages\/14","targetHints":{"allow":["GET"]}}],"collection":[{"href":"https:\/\/second-vinyl.de\/index.php?rest_route=\/wp\/v2\/pages"}],"about":[{"href":"https:\/\/second-vinyl.de\/index.php?rest_route=\/wp\/v2\/types\/page"}],"author":[{"embeddable":true,"href":"https:\/\/second-vinyl.de\/index.php?rest_route=\/wp\/v2\/users\/1"}],"replies":[{"embeddable":true,"href":"https:\/\/second-vinyl.de\/index.php?rest_route=%2Fwp%2Fv2%2Fcomments&post=14"}],"version-history":[{"count":166,"href":"https:\/\/second-vinyl.de\/index.php?rest_route=\/wp\/v2\/pages\/14\/revisions"}],"predecessor-version":[{"id":5839,"href":"https:\/\/second-vinyl.de\/index.php?rest_route=\/wp\/v2\/pages\/14\/revisions\/5839"}],"wp:attachment":[{"href":"https:\/\/second-vinyl.de\/index.php?rest_route=%2Fwp%2Fv2%2Fmedia&parent=14"}],"curies":[{"name":"wp","href":"https:\/\/api.w.org\/{rel}","templated":true}]}}